{"id":82,"date":"2022-08-11T13:05:27","date_gmt":"2022-08-11T13:05:27","guid":{"rendered":"https:\/\/ringe-hilfe.de\/?page_id=82"},"modified":"2024-01-17T10:54:55","modified_gmt":"2024-01-17T10:54:55","slug":"impressum","status":"publish","type":"page","link":"https:\/\/ringe-hilfe.de\/index.php\/impressum\/","title":{"rendered":"Impressum"},"content":{"rendered":"<p>[et_pb_section fb_built=&#8220;1&#8243; next_background_color=&#8220;#ffffff&#8220; _builder_version=&#8220;4.17.6&#8243; _module_preset=&#8220;default&#8220; use_background_color_gradient=&#8220;on&#8220; background_color_gradient_direction=&#8220;32deg&#8220; background_color_gradient_stops=&#8220;#000000 0%|rgba(255,255,255,0) 67%&#8220; background_color_gradient_overlays_image=&#8220;on&#8220; background_image=&#8220;https:\/\/ringe-hilfe.de\/wp-content\/uploads\/2022\/08\/titel2.jpg&#8220; custom_padding=&#8220;110px||110px|||&#8220; bottom_divider_style=&#8220;wave2&#8243; bottom_divider_repeat=&#8220;1x&#8220; bottom_divider_flip=&#8220;horizontal&#8220; da_disable_devices=&#8220;off|off|off&#8220; global_colors_info=&#8220;{}&#8220; da_is_popup=&#8220;off&#8220; da_exit_intent=&#8220;off&#8220; da_has_close=&#8220;on&#8220; da_alt_close=&#8220;off&#8220; da_dark_close=&#8220;off&#8220; da_not_modal=&#8220;on&#8220; da_is_singular=&#8220;off&#8220; da_with_loader=&#8220;off&#8220; da_has_shadow=&#8220;on&#8220;][et_pb_row _builder_version=&#8220;4.17.6&#8243; _module_preset=&#8220;default&#8220; global_colors_info=&#8220;{}&#8220;][et_pb_column type=&#8220;4_4&#8243; _builder_version=&#8220;4.17.6&#8243; _module_preset=&#8220;default&#8220; global_colors_info=&#8220;{}&#8220;][et_pb_text _builder_version=&#8220;4.17.6&#8243; _module_preset=&#8220;default&#8220; text_font=&#8220;Georgia|600|||||||&#8220; text_text_color=&#8220;#FFFFFF&#8220; text_font_size=&#8220;35px&#8220; background_enable_image=&#8220;off&#8220; global_colors_info=&#8220;{}&#8220;]Impressum[\/et_pb_text][\/et_pb_column][\/et_pb_row][\/et_pb_section][et_pb_section fb_built=&#8220;1&#8243; _builder_version=&#8220;4.17.6&#8243; _module_preset=&#8220;default&#8220; da_disable_devices=&#8220;off|off|off&#8220; global_colors_info=&#8220;{}&#8220; da_is_popup=&#8220;off&#8220; da_exit_intent=&#8220;off&#8220; da_has_close=&#8220;on&#8220; da_alt_close=&#8220;off&#8220; da_dark_close=&#8220;off&#8220; da_not_modal=&#8220;on&#8220; da_is_singular=&#8220;off&#8220; da_with_loader=&#8220;off&#8220; da_has_shadow=&#8220;on&#8220;][et_pb_row _builder_version=&#8220;4.17.6&#8243; _module_preset=&#8220;default&#8220; global_colors_info=&#8220;{}&#8220;][et_pb_column type=&#8220;4_4&#8243; _builder_version=&#8220;4.17.6&#8243; _module_preset=&#8220;default&#8220; global_colors_info=&#8220;{}&#8220;][et_pb_text _builder_version=&#8220;4.17.6&#8243; _module_preset=&#8220;default&#8220; text_font_size=&#8220;20px&#8220; hover_enabled=&#8220;0&#8243; global_colors_info=&#8220;{}&#8220; sticky_enabled=&#8220;0&#8243;]<\/p>\n<h1>Impressum<\/h1>\n<h2 id=\"m46\">Diensteanbieter<\/h2>\n<p>Ringe GbR \u00b7 Daniela Ringe und Maurice Vallentin<\/p>\n<p>Brelohersteig 1<\/p>\n<p>45279 Essen<\/p>\n<h2 id=\"m56\">Kontaktm\u00f6glichkeiten<\/h2>\n<p>E-Mail-Adresse:<\/p>\n<p>info@ringe-hilfe.de<\/p>\n<p>Telefon:<\/p>\n<p>020150917324<\/p>\n<h2 id=\"m153\">Vertretungsberechtigte Personen<\/h2>\n<p>Vertretungsberechtigt:<\/p>\n<p>Maurice Vallentin &#8211; Gesch\u00e4ftsf\u00fchrer<\/p>\n<p>Daniela Ringe &#8211; Gesch\u00e4ftsf\u00fchrerin<\/p>\n<h2 id=\"m72\">Berufshaftpflichtversicherung<\/h2>\n<h2 id=\"m166\">Aufsichtsbeh\u00f6rde<\/h2>\n<p>Aufsichtsbeh\u00f6rde:<\/p>\n<p>Gothaer Qualitypool GmbH<br \/>\nHansestr. 14<br \/>\n23558 L\u00fcbeck<\/p>\n<p>Website: www.gothaer.de<\/p>\n<h2 id=\"m172\">Social Media und andere Onlinepr\u00e4senzen<\/h2>\n<h2>Webseite und Bildrechte<\/h2>\n<p>Webseite Gestaltet durch www.instinktmedia.de<\/p>\n<p>Bildrechte Header: Foto von Andrea Piacquadio: <a href=\"https:\/\/www.pexels.com\/de-de\/foto\/freudige-erwachsene-tochter-die-gluckliche-uberraschte-altere-mutter-im-garten-begrusst-3768131\/\" target=\"_blank\" rel=\"noopener\">https:\/\/www.pexels.com\/de-de\/foto\/freudige-erwachsene-tochter-die-gluckliche-uberraschte-altere-mutter-im-garten-begrusst-3768131\/<\/a><\/p>\n<p>Bildrechte \u00dcber uns: Foto von Andrea Piacquadio: <a href=\"https:\/\/www.pexels.com\/de-de\/foto\/zwei-erwachsene-frauen-nebeneinander-3768114\/\" target=\"_blank\" rel=\"noopener\">https:\/\/www.pexels.com\/de-de\/foto\/zwei-erwachsene-frauen-nebeneinander-3768114\/<\/a><\/p>\n<h2 id=\"m169\">Bildnachweise<\/h2>\n<p>Bildquellen und Urheberrechtshinweise:<\/p>\n<p>Bildrechte Header: Foto von Andrea Piacquadio: <a href=\"https:\/\/www.pexels.com\/de-de\/foto\/freudige-erwachsene-tochter-die-gluckliche-uberraschte-altere-mutter-im-garten-begrusst-3768131\/\" target=\"_blank\" rel=\"noopener\">https:\/\/www.pexels.com\/de-de\/foto\/freudige-erwachsene-tochter-die-gluckliche-uberraschte-altere-mutter-im-garten-begrusst-3768131\/<\/a><\/p>\n<p>Bildrechte \u00dcber uns: Foto von Andrea Piacquadio: <a href=\"https:\/\/www.pexels.com\/de-de\/foto\/zwei-erwachsene-frauen-nebeneinander-3768114\/\" target=\"_blank\" rel=\"noopener\">https:\/\/www.pexels.com\/de-de\/foto\/zwei-erwachsene-frauen-nebeneinander-3768114\/<\/a><\/p>\n<p class=\"seal\"><a href=\"https:\/\/datenschutz-generator.de\/\" title=\"Rechtstext von Dr. Schwenke - f\u00fcr weitere Informationen bitte anklicken.\" target=\"_blank\" rel=\"noopener noreferrer nofollow\">Erstellt mit kostenlosem Datenschutz-Generator.de von Dr. Thomas Schwenke<\/a><\/p>\n<p>[\/et_pb_text][\/et_pb_column][\/et_pb_row][\/et_pb_section]<\/p>\n","protected":false},"excerpt":{"rendered":"<p>ImpressumImpressum Diensteanbieter Ringe GbR \u00b7 Daniela Ringe und Maurice Vallentin Brelohersteig 1 45279 Essen Kontaktm\u00f6glichkeiten E-Mail-Adresse: info@ringe-hilfe.de Telefon: 020150917324 Vertretungsberechtigte Personen Vertretungsberechtigt: Maurice Vallentin &#8211; Gesch\u00e4ftsf\u00fchrer Daniela Ringe &#8211; Gesch\u00e4ftsf\u00fchrerin Berufshaftpflichtversicherung Aufsichtsbeh\u00f6rde Aufsichtsbeh\u00f6rde: Gothaer Qualitypool GmbH Hansestr. 14 23558 L\u00fcbeck Website: www.gothaer.de Social Media und andere Onlinepr\u00e4senzen Webseite und Bildrechte Webseite Gestaltet durch www.instinktmedia.de Bildrechte Header: Foto von Andrea Piacquadio: https:\/\/www.pexels.com\/de-de\/foto\/freudige-erwachsene-tochter-die-gluckliche-uberraschte-altere-mutter-im-garten-begrusst-3768131\/ Bildrechte \u00dcber uns: Foto von Andrea Piacquadio: https:\/\/www.pexels.com\/de-de\/foto\/zwei-erwachsene-frauen-nebeneinander-3768114\/ Bildnachweise Bildquellen und Urheberrechtshinweise: Bildrechte Header: Foto von Andrea Piacquadio: https:\/\/www.pexels.com\/de-de\/foto\/freudige-erwachsene-tochter-die-gluckliche-uberraschte-altere-mutter-im-garten-begrusst-3768131\/ Bildrechte \u00dcber uns: Foto von Andrea Piacquadio: https:\/\/www.pexels.com\/de-de\/foto\/zwei-erwachsene-frauen-nebeneinander-3768114\/ Erstellt mit kostenlosem Datenschutz-Generator.de von Dr. Thomas Schwenke<\/p>\n","protected":false},"author":1,"featured_media":0,"parent":0,"menu_order":0,"comment_status":"closed","ping_status":"closed","template":"","meta":{"_et_pb_use_builder":"on","_et_pb_old_content":"","_et_gb_content_width":"","footnotes":""},"class_list":["post-82","page","type-page","status-publish","hentry"],"_links":{"self":[{"href":"https:\/\/ringe-hilfe.de\/index.php\/wp-json\/wp\/v2\/pages\/82","targetHints":{"allow":["GET"]}}],"collection":[{"href":"https:\/\/ringe-hilfe.de\/index.php\/wp-json\/wp\/v2\/pages"}],"about":[{"href":"https:\/\/ringe-hilfe.de\/index.php\/wp-json\/wp\/v2\/types\/page"}],"author":[{"embeddable":true,"href":"https:\/\/ringe-hilfe.de\/index.php\/wp-json\/wp\/v2\/users\/1"}],"replies":[{"embeddable":true,"href":"https:\/\/ringe-hilfe.de\/index.php\/wp-json\/wp\/v2\/comments?post=82"}],"version-history":[{"count":2,"href":"https:\/\/ringe-hilfe.de\/index.php\/wp-json\/wp\/v2\/pages\/82\/revisions"}],"predecessor-version":[{"id":129,"href":"https:\/\/ringe-hilfe.de\/index.php\/wp-json\/wp\/v2\/pages\/82\/revisions\/129"}],"wp:attachment":[{"href":"https:\/\/ringe-hilfe.de\/index.php\/wp-json\/wp\/v2\/media?parent=82"}],"curies":[{"name":"wp","href":"https:\/\/api.w.org\/{rel}","templated":true}]}}